{"id":23380,"date":"2025-10-20T08:10:46","date_gmt":"2025-10-20T07:10:46","guid":{"rendered":"https:\/\/arenalsound.kinsta.cloud\/buy\/"},"modified":"2026-02-11T10:17:24","modified_gmt":"2026-02-11T09:17:24","slug":"buy","status":"publish","type":"page","link":"https:\/\/arenalsound.com\/en\/buy\/","title":{"rendered":"Buy"},"content":{"rendered":"\t\t<div data-elementor-type=\"wp-page\" data-elementor-id=\"23380\" class=\"elementor elementor-23380 elementor-20919\" data-elementor-post-type=\"page\">\n\t\t\t\t<div class=\"elementor-element elementor-element-9e1cd0f e-con-full e-flex e-con e-child\" data-id=\"9e1cd0f\" data-element_type=\"container\" data-e-type=\"container\">\n\t\t\t\t<div class=\"elementor-element elementor-element-b9c28e5 textoAS elementor-widget elementor-widget-heading\" data-id=\"b9c28e5\" data-element_type=\"widget\" data-e-type=\"widget\" data-widget_type=\"heading.default\">\n\t\t\t\t<div class=\"elementor-widget-container\">\n\t\t\t\t\t<h1 class=\"elementor-heading-title elementor-size-default\">BUY YOUR SUBSCRIPTIONS<\/h1>\t\t\t\t<\/div>\n\t\t\t\t<\/div>\n\t\t<div class=\"elementor-element elementor-element-3675e9f e-con-full e-flex e-con e-child\" data-id=\"3675e9f\" data-element_type=\"container\" data-e-type=\"container\">\n\t\t\t\t<div class=\"elementor-element elementor-element-dd417c9 elementor-widget__width-inherit elementor-widget elementor-widget-html\" data-id=\"dd417c9\" data-element_type=\"widget\" data-e-type=\"widget\" data-widget_type=\"html.default\">\n\t\t\t\t<div class=\"elementor-widget-container\">\n\t\t\t\t\t<iframe src=\"https:\/\/venta.enterticket.es\/buy\/?id=47905\" id=\"etktfrm47905\" width=\"100%\" frameborder=\"0\" allowfullscreen=\"\" allow=\"fullscreen; payment\"><\/iframe><script type=\"text\/javascript\" src=\"https:\/\/d31tcnbxvxtafg.cloudfront.net\/js\/libraries\/buy.js\"><\/script>\t\t\t\t<\/div>\n\t\t\t\t<\/div>\n\t\t\t\t<\/div>\n\t\t<div class=\"elementor-element elementor-element-47abbf1 e-con-full e-flex e-con e-child\" data-id=\"47abbf1\" data-element_type=\"container\" data-e-type=\"container\">\n\t\t\t\t<div class=\"elementor-element elementor-element-f150088 textoAS elementor-widget elementor-widget-heading\" data-id=\"f150088\" data-element_type=\"widget\" data-e-type=\"widget\" data-widget_type=\"heading.default\">\n\t\t\t\t<div class=\"elementor-widget-container\">\n\t\t\t\t\t<h1 class=\"elementor-heading-title elementor-size-default\">First Confirmed<br>A - Z<\/h1>\t\t\t\t<\/div>\n\t\t\t\t<\/div>\n\t\t\t\t<div class=\"elementor-element elementor-element-1764e34 textoAS elementor-widget elementor-widget-text-editor\" data-id=\"1764e34\" data-element_type=\"widget\" data-e-type=\"widget\" data-widget_type=\"text-editor.default\">\n\t\t\t\t<div class=\"elementor-widget-container\">\n\t\t\t\t\t\t\t\t\t<p><span data-teams=\"true\">ANA MENA &#8211; ALVAMA ICE &#8211; BRESH &#8211; CALI Y EL DANDEE &#8211; C.MAR\u00cd &#8211; D.VALENTINO &#8211; DELAOSSA &#8211; DIMITRI VEGAS &#8211; JC REYES &#8211; JUAN MAG\u00c1N &#8211; KIDD KEO &#8211; LEIRE MART\u00cdNEZ &#8211; MAFALDA CARDENAL &#8211; MAR\u00cdA BECERRA &#8211; METRIKA DJ SET &#8211; MVRK &#8211; MYKE TOWERS &#8211; NIL MOLINER &#8211; OMAR MONTES &#8211; RVFV &#8211; YAPI &#8211; YOUNG CISTER<\/span><\/p>\t\t\t\t\t\t\t\t<\/div>\n\t\t\t\t<\/div>\n\t\t\t\t<div class=\"elementor-element elementor-element-5701da1 textoAS elementor-widget elementor-widget-heading\" data-id=\"5701da1\" data-element_type=\"widget\" data-e-type=\"widget\" data-widget_type=\"heading.default\">\n\t\t\t\t<div class=\"elementor-widget-container\">\n\t\t\t\t\t<h1 class=\"elementor-heading-title elementor-size-default\">AND MANY MORE!<\/h1>\t\t\t\t<\/div>\n\t\t\t\t<\/div>\n\t\t\t\t<\/div>\n\t\t\t\t<\/div>\n\t\t\t\t<\/div>\n\t\t","protected":false},"excerpt":{"rendered":"<p>BUY YOUR SUBSCRIPTIONS First ConfirmedA &#8211; Z ANA MENA &#8211; ALVAMA ICE &#8211; BRESH &#8211; CALI Y EL DANDEE &#8211; C.MAR\u00cd &#8211; D.VALENTINO &#8211; DELAOSSA &#8211; DIMITRI VEGAS &#8211; JC REYES &#8211; JUAN MAG\u00c1N &#8211; KIDD KEO &#8211; LEIRE MART\u00cdNEZ &#8211; MAFALDA CARDENAL &#8211; MAR\u00cdA BECERRA &#8211; METRIKA DJ SET &#8211; MVRK &#8211; MYKE TOWERS [&hellip;]<\/p>\n","protected":false},"author":11,"featured_media":0,"parent":0,"menu_order":0,"comment_status":"closed","ping_status":"closed","template":"","meta":{"footnotes":""},"class_list":["post-23380","page","type-page","status-publish","hentry"],"yoast_head":"<!-- This site is optimized with the Yoast SEO plugin v27.3 - https:\/\/yoast.com\/product\/yoast-seo-wordpress\/ -->\n<title>Buy% tickets Arenal Sound% 2026 | Official Sale<\/title>\n<meta name=\"description\" content=\"Buy your official tickets for Arenal Sound 2026 and ensure your access to the best week of the summer.\" \/>\n<meta name=\"robots\" content=\"index, follow, max-snippet:-1, max-image-preview:large, max-video-preview:-1\" \/>\n<link rel=\"canonical\" href=\"https:\/\/arenalsound.com\/en\/buy\/\" \/>\n<meta property=\"og:locale\" content=\"en_US\" \/>\n<meta property=\"og:type\" content=\"article\" \/>\n<meta property=\"og:title\" content=\"Buy% tickets Arenal Sound% 2026 | Official Sale\" \/>\n<meta property=\"og:description\" content=\"Buy your official tickets for Arenal Sound 2026 and ensure your access to the best week of the summer.\" \/>\n<meta property=\"og:url\" content=\"https:\/\/arenalsound.com\/en\/buy\/\" \/>\n<meta property=\"og:site_name\" content=\"Arenal Sound\" \/>\n<meta property=\"article:modified_time\" content=\"2026-02-11T09:17:24+00:00\" \/>\n<meta name=\"twitter:card\" content=\"summary_large_image\" \/>\n<script type=\"application\/ld+json\" class=\"yoast-schema-graph\">{\"@context\":\"https:\\\/\\\/schema.org\",\"@graph\":[{\"@type\":\"WebPage\",\"@id\":\"https:\\\/\\\/arenalsound.com\\\/en\\\/buy\\\/\",\"url\":\"https:\\\/\\\/arenalsound.com\\\/en\\\/buy\\\/\",\"name\":\"Buy% tickets Arenal Sound% 2026 | Official Sale\",\"isPartOf\":{\"@id\":\"https:\\\/\\\/arenalsound.com\\\/#website\"},\"datePublished\":\"2025-10-20T07:10:46+00:00\",\"dateModified\":\"2026-02-11T09:17:24+00:00\",\"description\":\"Buy your official tickets for Arenal Sound 2026 and ensure your access to the best week of the summer.\",\"breadcrumb\":{\"@id\":\"https:\\\/\\\/arenalsound.com\\\/en\\\/buy\\\/#breadcrumb\"},\"inLanguage\":\"en-US\",\"potentialAction\":[{\"@type\":\"ReadAction\",\"target\":[\"https:\\\/\\\/arenalsound.com\\\/en\\\/buy\\\/\"]}]},{\"@type\":\"BreadcrumbList\",\"@id\":\"https:\\\/\\\/arenalsound.com\\\/en\\\/buy\\\/#breadcrumb\",\"itemListElement\":[{\"@type\":\"ListItem\",\"position\":1,\"name\":\"Portada\",\"item\":\"https:\\\/\\\/arenalsound.com\\\/en\\\/\"},{\"@type\":\"ListItem\",\"position\":2,\"name\":\"Buy\"}]},{\"@type\":\"WebSite\",\"@id\":\"https:\\\/\\\/arenalsound.com\\\/#website\",\"url\":\"https:\\\/\\\/arenalsound.com\\\/\",\"name\":\"Arenal Sound\",\"description\":\"Burriana, Castell\u00f3n\",\"potentialAction\":[{\"@type\":\"SearchAction\",\"target\":{\"@type\":\"EntryPoint\",\"urlTemplate\":\"https:\\\/\\\/arenalsound.com\\\/?s={search_term_string}\"},\"query-input\":{\"@type\":\"PropertyValueSpecification\",\"valueRequired\":true,\"valueName\":\"search_term_string\"}}],\"inLanguage\":\"en-US\"}]}<\/script>\n<!-- \/ Yoast SEO plugin. -->","yoast_head_json":{"title":"Buy% tickets Arenal Sound% 2026 | Official Sale","description":"Buy your official tickets for Arenal Sound 2026 and ensure your access to the best week of the summer.","robots":{"index":"index","follow":"follow","max-snippet":"max-snippet:-1","max-image-preview":"max-image-preview:large","max-video-preview":"max-video-preview:-1"},"canonical":"https:\/\/arenalsound.com\/en\/buy\/","og_locale":"en_US","og_type":"article","og_title":"Buy% tickets Arenal Sound% 2026 | Official Sale","og_description":"Buy your official tickets for Arenal Sound 2026 and ensure your access to the best week of the summer.","og_url":"https:\/\/arenalsound.com\/en\/buy\/","og_site_name":"Arenal Sound","article_modified_time":"2026-02-11T09:17:24+00:00","twitter_card":"summary_large_image","schema":{"@context":"https:\/\/schema.org","@graph":[{"@type":"WebPage","@id":"https:\/\/arenalsound.com\/en\/buy\/","url":"https:\/\/arenalsound.com\/en\/buy\/","name":"Buy% tickets Arenal Sound% 2026 | Official Sale","isPartOf":{"@id":"https:\/\/arenalsound.com\/#website"},"datePublished":"2025-10-20T07:10:46+00:00","dateModified":"2026-02-11T09:17:24+00:00","description":"Buy your official tickets for Arenal Sound 2026 and ensure your access to the best week of the summer.","breadcrumb":{"@id":"https:\/\/arenalsound.com\/en\/buy\/#breadcrumb"},"inLanguage":"en-US","potentialAction":[{"@type":"ReadAction","target":["https:\/\/arenalsound.com\/en\/buy\/"]}]},{"@type":"BreadcrumbList","@id":"https:\/\/arenalsound.com\/en\/buy\/#breadcrumb","itemListElement":[{"@type":"ListItem","position":1,"name":"Portada","item":"https:\/\/arenalsound.com\/en\/"},{"@type":"ListItem","position":2,"name":"Buy"}]},{"@type":"WebSite","@id":"https:\/\/arenalsound.com\/#website","url":"https:\/\/arenalsound.com\/","name":"Arenal Sound","description":"Burriana, Castell\u00f3n","potentialAction":[{"@type":"SearchAction","target":{"@type":"EntryPoint","urlTemplate":"https:\/\/arenalsound.com\/?s={search_term_string}"},"query-input":{"@type":"PropertyValueSpecification","valueRequired":true,"valueName":"search_term_string"}}],"inLanguage":"en-US"}]}},"_links":{"self":[{"href":"https:\/\/arenalsound.com\/en\/wp-json\/wp\/v2\/pages\/23380","targetHints":{"allow":["GET"]}}],"collection":[{"href":"https:\/\/arenalsound.com\/en\/wp-json\/wp\/v2\/pages"}],"about":[{"href":"https:\/\/arenalsound.com\/en\/wp-json\/wp\/v2\/types\/page"}],"author":[{"embeddable":true,"href":"https:\/\/arenalsound.com\/en\/wp-json\/wp\/v2\/users\/11"}],"replies":[{"embeddable":true,"href":"https:\/\/arenalsound.com\/en\/wp-json\/wp\/v2\/comments?post=23380"}],"version-history":[{"count":1,"href":"https:\/\/arenalsound.com\/en\/wp-json\/wp\/v2\/pages\/23380\/revisions"}],"predecessor-version":[{"id":23381,"href":"https:\/\/arenalsound.com\/en\/wp-json\/wp\/v2\/pages\/23380\/revisions\/23381"}],"wp:attachment":[{"href":"https:\/\/arenalsound.com\/en\/wp-json\/wp\/v2\/media?parent=23380"}],"curies":[{"name":"wp","href":"https:\/\/api.w.org\/{rel}","templated":true}]}}